{"id":2180,"date":"2023-04-25T12:50:24","date_gmt":"2023-04-25T11:50:24","guid":{"rendered":"https:\/\/bcaccounting.se\/?page_id=2180"},"modified":"2023-04-25T13:05:18","modified_gmt":"2023-04-25T12:05:18","slug":"meny-1","status":"publish","type":"page","link":"https:\/\/bcaccounting.se\/index.php\/meny-1\/","title":{"rendered":"Meny 1"},"content":{"rendered":"\n<p>Ett automatiserat ekonomisystem kan f\u00f6renkla f\u00f6retagsdrift genom att samla flera viktiga processer i samma system, inklusive redovisning, fakturering och l\u00f6n. Med ett personligt ekonomiteam inkluderat kan f\u00f6retags\u00e4gare fokusera p\u00e5 att v\u00e4xa sin verksamhet ist\u00e4llet f\u00f6r att hantera ekonomiska fr\u00e5gor.<\/p>\n\n\n\n<p><\/p>\n\n\n\n<p>Ett automatiserat ekonomisystem kan f\u00f6renkla f\u00f6retagsdrift genom att samla flera viktiga processer i samma system, inklusive redovisning, fakturering och l\u00f6n. Med ett personligt ekonomiteam inkluderat kan f\u00f6retags\u00e4gare fokusera p\u00e5 att v\u00e4xa sin verksamhet ist\u00e4llet f\u00f6r att hantera ekonomiska fr\u00e5gor.<\/p>\n","protected":false},"excerpt":{"rendered":"<p>Ett automatiserat ekonomisystem kan f\u00f6renkla f\u00f6retagsdrift genom att samla flera viktiga processer i samma system, inklusive redovisning, fakturering och l\u00f6n. Med ett personligt ekonomiteam inkluderat kan f\u00f6retags\u00e4gare fokusera p\u00e5 att v\u00e4xa sin verksamhet ist\u00e4llet f\u00f6r att hantera ekonomiska fr\u00e5gor. Ett automatiserat ekonomisystem kan f\u00f6renkla f\u00f6retagsdrift genom att samla flera viktiga processer i samma system, inklusive [&hellip;]<\/p>\n","protected":false},"author":2,"featured_media":36,"parent":0,"menu_order":0,"comment_status":"closed","ping_status":"closed","template":"","meta":{"footnotes":""},"class_list":["post-2180","page","type-page","status-publish","has-post-thumbnail","hentry"],"_links":{"self":[{"href":"https:\/\/bcaccounting.se\/index.php\/wp-json\/wp\/v2\/pages\/2180","targetHints":{"allow":["GET"]}}],"collection":[{"href":"https:\/\/bcaccounting.se\/index.php\/wp-json\/wp\/v2\/pages"}],"about":[{"href":"https:\/\/bcaccounting.se\/index.php\/wp-json\/wp\/v2\/types\/page"}],"author":[{"embeddable":true,"href":"https:\/\/bcaccounting.se\/index.php\/wp-json\/wp\/v2\/users\/2"}],"replies":[{"embeddable":true,"href":"https:\/\/bcaccounting.se\/index.php\/wp-json\/wp\/v2\/comments?post=2180"}],"version-history":[{"count":2,"href":"https:\/\/bcaccounting.se\/index.php\/wp-json\/wp\/v2\/pages\/2180\/revisions"}],"predecessor-version":[{"id":2190,"href":"https:\/\/bcaccounting.se\/index.php\/wp-json\/wp\/v2\/pages\/2180\/revisions\/2190"}],"wp:featuredmedia":[{"embeddable":true,"href":"https:\/\/bcaccounting.se\/index.php\/wp-json\/wp\/v2\/media\/36"}],"wp:attachment":[{"href":"https:\/\/bcaccounting.se\/index.php\/wp-json\/wp\/v2\/media?parent=2180"}],"curies":[{"name":"wp","href":"https:\/\/api.w.org\/{rel}","templated":true}]}}